{"id":2998,"date":"2021-07-22T09:51:03","date_gmt":"2021-07-22T09:51:03","guid":{"rendered":"http:\/\/schloss-berleburg.de\/?page_id=2998"},"modified":"2022-09-28T18:08:13","modified_gmt":"2022-09-28T18:08:13","slug":"fotografieren-filmen","status":"publish","type":"page","link":"https:\/\/schloss-berleburg.de\/en\/fotografieren-filmen","title":{"rendered":"Fotografieren &#038; filmen"},"content":{"rendered":"<div data-elementor-type=\"wp-page\" data-elementor-id=\"2998\" class=\"elementor elementor-2998\">\n\t\t\t\t\t\t<section class=\"elementor-section elementor-top-section elementor-element elementor-element-36f51437 elementor-section-boxed elementor-section-height-default elementor-section-height-default wpr-particle-no wpr-jarallax-no wpr-parallax-no wpr-sticky-section-no\" data-id=\"36f51437\" data-element_type=\"section\">\n\t\t\t\t\t\t<div class=\"elementor-container elementor-column-gap-no\">\n\t\t\t\t\t<div class=\"elementor-column elementor-col-100 elementor-top-column elementor-element elementor-element-3665b6c\" data-id=\"3665b6c\" data-element_type=\"column\">\n\t\t\t<div class=\"elementor-widget-wrap\">\n\t\t\t\t\t\t\t<\/div>\n\t\t<\/div>\n\t\t\t\t\t<\/div>\n\t\t<\/section>\n\t\t\t\t<section class=\"elementor-section elementor-top-section elementor-element elementor-element-43bf1d8 elementor-section-boxed elementor-section-height-default elementor-section-height-default wpr-particle-no wpr-jarallax-no wpr-parallax-no wpr-sticky-section-no\" data-id=\"43bf1d8\" data-element_type=\"section\">\n\t\t\t\t\t\t<div class=\"elementor-container elementor-column-gap-default\">\n\t\t\t\t\t<div class=\"elementor-column elementor-col-100 elementor-top-column elementor-element elementor-element-5f04b9a7\" data-id=\"5f04b9a7\" data-element_type=\"column\">\n\t\t\t<div class=\"elementor-widget-wrap elementor-element-populated\">\n\t\t\t\t\t\t<div class=\"elementor-element elementor-element-cfd6374 elementor-widget elementor-widget-spacer\" data-id=\"cfd6374\" data-element_type=\"widget\" data-widget_type=\"spacer.default\">\n\t\t\t\t<div class=\"elementor-widget-container\">\n\t\t\t\t\t<div class=\"elementor-spacer\">\n\t\t\t<div class=\"elementor-spacer-inner\"><\/div>\n\t\t<\/div>\n\t\t\t\t<\/div>\n\t\t\t\t<\/div>\n\t\t\t\t<div class=\"elementor-element elementor-element-1ac7e3cc elementor-widget elementor-widget-text-editor\" data-id=\"1ac7e3cc\" data-element_type=\"widget\" data-widget_type=\"text-editor.default\">\n\t\t\t\t<div class=\"elementor-widget-container\">\n\t\t\t\t\t\t\t<p><b>Berleburg Castle, the Castle Courtyard and the Princely Park are private property and access is only for visitors to the Castle and Park<\/b>. Therefore, please note our policies concerning photography and filming :<\/p>\t\t\t\t\t\t<\/div>\n\t\t\t\t<\/div>\n\t\t\t\t<div class=\"elementor-element elementor-element-8bdb303 elementor-widget elementor-widget-spacer\" data-id=\"8bdb303\" data-element_type=\"widget\" data-widget_type=\"spacer.default\">\n\t\t\t\t<div class=\"elementor-widget-container\">\n\t\t\t\t\t<div class=\"elementor-spacer\">\n\t\t\t<div class=\"elementor-spacer-inner\"><\/div>\n\t\t<\/div>\n\t\t\t\t<\/div>\n\t\t\t\t<\/div>\n\t\t\t\t\t<\/div>\n\t\t<\/div>\n\t\t\t\t\t<\/div>\n\t\t<\/section>\n\t\t\t\t<section class=\"elementor-section elementor-top-section elementor-element elementor-element-622d2ef7 elementor-section-boxed elementor-section-height-default elementor-section-height-default wpr-particle-no wpr-jarallax-no wpr-parallax-no wpr-sticky-section-no\" data-id=\"622d2ef7\" data-element_type=\"section\">\n\t\t\t\t\t\t<div class=\"elementor-container elementor-column-gap-default\">\n\t\t\t\t\t<div class=\"elementor-column elementor-col-50 elementor-top-column elementor-element elementor-element-2ee9ce13\" data-id=\"2ee9ce13\" data-element_type=\"column\">\n\t\t\t<div class=\"elementor-widget-wrap elementor-element-populated\">\n\t\t\t\t\t\t<div class=\"elementor-element elementor-element-1c3c29a elementor-widget elementor-widget-heading\" data-id=\"1c3c29a\" data-element_type=\"widget\" data-widget_type=\"heading.default\">\n\t\t\t\t<div class=\"elementor-widget-container\">\n\t\t\t<h2 class=\"elementor-heading-title elementor-size-default\">Fotografieren und Filmen<\/h2>\t\t<\/div>\n\t\t\t\t<\/div>\n\t\t\t\t<div class=\"elementor-element elementor-element-7650bce6 elementor-widget elementor-widget-spacer\" data-id=\"7650bce6\" data-element_type=\"widget\" data-widget_type=\"spacer.default\">\n\t\t\t\t<div class=\"elementor-widget-container\">\n\t\t\t\t\t<div class=\"elementor-spacer\">\n\t\t\t<div class=\"elementor-spacer-inner\"><\/div>\n\t\t<\/div>\n\t\t\t\t<\/div>\n\t\t\t\t<\/div>\n\t\t\t\t<div class=\"elementor-element elementor-element-4a3b580c elementor-widget elementor-widget-text-editor\" data-id=\"4a3b580c\" data-element_type=\"widget\" data-widget_type=\"text-editor.default\">\n\t\t\t\t<div class=\"elementor-widget-container\">\n\t\t\t\t\t\t\t<p><b>Photography is strictly prohibited anywhere inside of the Castle,<\/b>including the Princely Stables and Judge\u2019s Hall (which houses the Ticket Office).\u00a0<\/p>\t\t\t\t\t\t<\/div>\n\t\t\t\t<\/div>\n\t\t\t\t<div class=\"elementor-element elementor-element-03a73b3 elementor-widget-divider--view-line elementor-widget elementor-widget-divider\" data-id=\"03a73b3\" data-element_type=\"widget\" data-widget_type=\"divider.default\">\n\t\t\t\t<div class=\"elementor-widget-container\">\n\t\t\t\t\t<div class=\"elementor-divider\">\n\t\t\t<span class=\"elementor-divider-separator\">\n\t\t\t\t\t\t<\/span>\n\t\t<\/div>\n\t\t\t\t<\/div>\n\t\t\t\t<\/div>\n\t\t\t\t<div class=\"elementor-element elementor-element-bbbccb6 elementor-widget elementor-widget-text-editor\" data-id=\"bbbccb6\" data-element_type=\"widget\" data-widget_type=\"text-editor.default\">\n\t\t\t\t<div class=\"elementor-widget-container\">\n\t\t\t\t\t\t\t<p><b>Photography and filming for publicity purposes <\/b>- including photography used for publicity on social media - is not permitted in the Castle Courtyard or Princely Park without the express permission from, and by prior arrangement with, the Rentkammer.<\/p><p>For information on our prices, terms, and conditions please call our office on\u00a0<a href=\"http:\/\/tel : \u00a0 49 (0)2751 9360 10\" data-wplink-url-error=\"true\"><strong> +49 (0)2751 9360 10\u00a0<\/strong><\/a><\/p><p>Or write us at <a href=\"\/en\/info@schloss-berleburg.de\/\"><strong>info@schloss-berleburg.de\u00a0\u00a0<\/strong><\/a>.<\/p>\t\t\t\t\t\t<\/div>\n\t\t\t\t<\/div>\n\t\t\t\t<div class=\"elementor-element elementor-element-b287fd3 elementor-widget-divider--view-line elementor-widget elementor-widget-divider\" data-id=\"b287fd3\" data-element_type=\"widget\" data-widget_type=\"divider.default\">\n\t\t\t\t<div class=\"elementor-widget-container\">\n\t\t\t\t\t<div class=\"elementor-divider\">\n\t\t\t<span class=\"elementor-divider-separator\">\n\t\t\t\t\t\t<\/span>\n\t\t<\/div>\n\t\t\t\t<\/div>\n\t\t\t\t<\/div>\n\t\t\t\t<div class=\"elementor-element elementor-element-2bac10c elementor-widget elementor-widget-text-editor\" data-id=\"2bac10c\" data-element_type=\"widget\" data-widget_type=\"text-editor.default\">\n\t\t\t\t<div class=\"elementor-widget-container\">\n\t\t\t\t\t\t\t<p><b>Wedding photography<\/b> is not permitted in the Castle Courtyard or Princely Park without the express permission from, and by prior arrangement with, the Rentkammer.\u00a0\u00a0<\/p><p>Couples who have booked civil weddings in our Orangerie have the right to take wedding photos for private use only, in the Castle Courtyard or Princely Park, immediately before, during, or directly after their civil wedding ceremony, as per their contracts.\u00a0<\/p><p>Couples who have not booked their civil wedding ceremony in our Orangerie may still take their private wedding photos in the Castle Courtyard or Princely Park but only with the express permission from, and by prior arrangement with, the Rentkammer, and at a cost of 100 euros, to be paid before the photos are taken.<\/p><p>To book your photo session or for more information please call our office on <strong><a href=\"tel:(0)2751 9360 10\">(0)2751 9360 10\u00a0<\/a><\/strong><\/p><p>Or write us at <strong><a href=\"\/en\/info@schloss-berleburg.de\/\">info@schloss-berleburg.de<\/a><\/strong> .<\/p><p>Should you wish to take your private wedding photographs with an automobile in the Castle Courtyard, this, too, is possible. The price is 150 euros from Monday to Friday and 150 Euros on Saturdays and Sundays. Photos may only be taken with the express permission from, and by prior arrangement with, the Rentkammer. Fees must be paid before the photos are taken.<\/p><p>To book your photo session or for more information please call our office on \u00a0<strong><a href=\"tel:(0)2751 9360 10\">(0)2751 9360 10<\/a><\/strong>\u00a0<\/p><p>Or write us at <strong><a href=\"\/en\/info@schloss-berleburg.de\/\">info@schloss-berleburg.de <\/a><\/strong>.<\/p>\t\t\t\t\t\t<\/div>\n\t\t\t\t<\/div>\n\t\t\t\t<div class=\"elementor-element elementor-element-57dfe26 elementor-widget-divider--view-line elementor-widget elementor-widget-divider\" data-id=\"57dfe26\" data-element_type=\"widget\" data-widget_type=\"divider.default\">\n\t\t\t\t<div class=\"elementor-widget-container\">\n\t\t\t\t\t<div class=\"elementor-divider\">\n\t\t\t<span class=\"elementor-divider-separator\">\n\t\t\t\t\t\t<\/span>\n\t\t<\/div>\n\t\t\t\t<\/div>\n\t\t\t\t<\/div>\n\t\t\t\t<div class=\"elementor-element elementor-element-8f818d1 elementor-widget elementor-widget-text-editor\" data-id=\"8f818d1\" data-element_type=\"widget\" data-widget_type=\"text-editor.default\">\n\t\t\t\t<div class=\"elementor-widget-container\">\n\t\t\t\t\t\t\t<p>Drones are not permitted to fly over the Castle, Castle Courtyard or Princely Park without the express permission from, and by prior arrangement with, the Rentkammer.<\/p>\t\t\t\t\t\t<\/div>\n\t\t\t\t<\/div>\n\t\t\t\t<div class=\"elementor-element elementor-element-7bab72c elementor-widget-divider--view-line elementor-widget elementor-widget-divider\" data-id=\"7bab72c\" data-element_type=\"widget\" data-widget_type=\"divider.default\">\n\t\t\t\t<div class=\"elementor-widget-container\">\n\t\t\t\t\t<div class=\"elementor-divider\">\n\t\t\t<span class=\"elementor-divider-separator\">\n\t\t\t\t\t\t<\/span>\n\t\t<\/div>\n\t\t\t\t<\/div>\n\t\t\t\t<\/div>\n\t\t\t\t<div class=\"elementor-element elementor-element-3f85e97 elementor-widget elementor-widget-text-editor\" data-id=\"3f85e97\" data-element_type=\"widget\" data-widget_type=\"text-editor.default\">\n\t\t\t\t<div class=\"elementor-widget-container\">\n\t\t\t\t\t\t\t<p>Under no circumstances are any automobiles or motorcycles permitted entry into the Castle Courtyard for photographic purposes of any kind without the express permission from, and by prior arrangement with, the Rentkammer.\u00a0<\/p><p>For more information on all of the above please call our office on <strong><a href=\"tel: 49 (0)2751 9360 10\">+49 (0)2751 9360 10\u00a0\u00a0<\/a><\/strong><\/p><p>Or write us at <strong><a href=\"\/en\/info@schloss-berleburg.de\/\">info@schloss-berleburg.de<\/a><\/strong>\u00a0.<\/p>\t\t\t\t\t\t<\/div>\n\t\t\t\t<\/div>\n\t\t\t\t<div class=\"elementor-element elementor-element-effb3bf elementor-widget elementor-widget-spacer\" data-id=\"effb3bf\" data-element_type=\"widget\" data-widget_type=\"spacer.default\">\n\t\t\t\t<div class=\"elementor-widget-container\">\n\t\t\t\t\t<div class=\"elementor-spacer\">\n\t\t\t<div class=\"elementor-spacer-inner\"><\/div>\n\t\t<\/div>\n\t\t\t\t<\/div>\n\t\t\t\t<\/div>\n\t\t\t\t\t<\/div>\n\t\t<\/div>\n\t\t\t\t<div class=\"elementor-column elementor-col-50 elementor-top-column elementor-element elementor-element-37f35701\" data-id=\"37f35701\" data-element_type=\"column\">\n\t\t\t<div class=\"elementor-widget-wrap elementor-element-populated\">\n\t\t\t\t\t\t<div class=\"elementor-element elementor-element-2067421d elementor-widget elementor-widget-spacer\" data-id=\"2067421d\" data-element_type=\"widget\" data-widget_type=\"spacer.default\">\n\t\t\t\t<div class=\"elementor-widget-container\">\n\t\t\t\t\t<div class=\"elementor-spacer\">\n\t\t\t<div class=\"elementor-spacer-inner\"><\/div>\n\t\t<\/div>\n\t\t\t\t<\/div>\n\t\t\t\t<\/div>\n\t\t\t\t<div class=\"elementor-element elementor-element-317aade7 elementor-widget elementor-widget-image\" data-id=\"317aade7\" data-element_type=\"widget\" data-widget_type=\"image.default\">\n\t\t\t\t<div class=\"elementor-widget-container\">\n\t\t\t\t\t\t\t\t\t\t\t\t\t<img fetchpriority=\"high\" decoding=\"async\" width=\"768\" height=\"1024\" src=\"https:\/\/schloss-berleburg.de\/wp-content\/uploads\/2022\/09\/IMG_0735-768x1024.jpeg\" class=\"attachment-large size-large wp-image-4993\" alt=\"\" srcset=\"https:\/\/schloss-berleburg.de\/wp-content\/uploads\/2022\/09\/IMG_0735-768x1024.jpeg 768w, https:\/\/schloss-berleburg.de\/wp-content\/uploads\/2022\/09\/IMG_0735-225x300.jpeg 225w, https:\/\/schloss-berleburg.de\/wp-content\/uploads\/2022\/09\/IMG_0735-1152x1536.jpeg 1152w, https:\/\/schloss-berleburg.de\/wp-content\/uploads\/2022\/09\/IMG_0735-1536x2048.jpeg 1536w, https:\/\/schloss-berleburg.de\/wp-content\/uploads\/2022\/09\/IMG_0735-9x12.jpeg 9w, https:\/\/schloss-berleburg.de\/wp-content\/uploads\/2022\/09\/IMG_0735-scaled.jpeg 1920w\" sizes=\"(max-width: 768px) 100vw, 768px\" \/>\t\t\t\t\t\t\t\t\t\t\t\t\t<\/div>\n\t\t\t\t<\/div>\n\t\t\t\t<div class=\"elementor-element elementor-element-589f40e elementor-widget elementor-widget-image\" data-id=\"589f40e\" data-element_type=\"widget\" data-widget_type=\"image.default\">\n\t\t\t\t<div class=\"elementor-widget-container\">\n\t\t\t\t\t\t\t\t\t\t\t\t\t<img decoding=\"async\" width=\"1024\" height=\"682\" src=\"https:\/\/schloss-berleburg.de\/wp-content\/uploads\/2022\/09\/IMG_5152-1-1024x682.jpeg\" class=\"attachment-large size-large wp-image-4994\" alt=\"\" srcset=\"https:\/\/schloss-berleburg.de\/wp-content\/uploads\/2022\/09\/IMG_5152-1-1024x682.jpeg 1024w, https:\/\/schloss-berleburg.de\/wp-content\/uploads\/2022\/09\/IMG_5152-1-300x200.jpeg 300w, https:\/\/schloss-berleburg.de\/wp-content\/uploads\/2022\/09\/IMG_5152-1-768x511.jpeg 768w, https:\/\/schloss-berleburg.de\/wp-content\/uploads\/2022\/09\/IMG_5152-1-1536x1023.jpeg 1536w, https:\/\/schloss-berleburg.de\/wp-content\/uploads\/2022\/09\/IMG_5152-1-2048x1364.jpeg 2048w, https:\/\/schloss-berleburg.de\/wp-content\/uploads\/2022\/09\/IMG_5152-1-18x12.jpeg 18w\" sizes=\"(max-width: 1024px) 100vw, 1024px\" \/>\t\t\t\t\t\t\t\t\t\t\t\t\t<\/div>\n\t\t\t\t<\/div>\n\t\t\t\t\t<\/div>\n\t\t<\/div>\n\t\t\t\t\t<\/div>\n\t\t<\/section>\n\t\t\t\t<section class=\"elementor-section elementor-top-section elementor-element elementor-element-015543d elementor-section-boxed elementor-section-height-default elementor-section-height-default wpr-particle-no wpr-jarallax-no wpr-parallax-no wpr-sticky-section-no\" data-id=\"015543d\" data-element_type=\"section\">\n\t\t\t\t\t\t<div class=\"elementor-container elementor-column-gap-default\">\n\t\t\t\t\t<div class=\"elementor-column elementor-col-100 elementor-top-column elementor-element elementor-element-0d007f1\" data-id=\"0d007f1\" data-element_type=\"column\">\n\t\t\t<div class=\"elementor-widget-wrap elementor-element-populated\">\n\t\t\t\t\t\t<div class=\"elementor-element elementor-element-858d54f elementor-widget elementor-widget-spacer\" data-id=\"858d54f\" data-element_type=\"widget\" data-widget_type=\"spacer.default\">\n\t\t\t\t<div class=\"elementor-widget-container\">\n\t\t\t\t\t<div class=\"elementor-spacer\">\n\t\t\t<div class=\"elementor-spacer-inner\"><\/div>\n\t\t<\/div>\n\t\t\t\t<\/div>\n\t\t\t\t<\/div>\n\t\t\t\t\t<\/div>\n\t\t<\/div>\n\t\t\t\t\t<\/div>\n\t\t<\/section>\n\t\t\t\t<\/div>","protected":false},"excerpt":{"rendered":"<p>Schloss Berleburg, der Schlosshof und der F\u00fcrstliche Park sind Privatbesitz und ausschlie\u00dflich f\u00fcr Besucher des Schlosses und des Parks zug\u00e4nglich. Bitte beachten Sie daher unsere Richtlinien zum Fotografieren und Filmen: Fotografieren und Filmen Das Fotografieren ist im gesamten Schloss, einschlie\u00dflich des F\u00fcrstlichen Marstalls und des Richtersaals (in dem sich die Kasse befindet), strikt untersagt.\u00a0 Das [&hellip;]<\/p>","protected":false},"author":1,"featured_media":0,"parent":0,"menu_order":0,"comment_status":"closed","ping_status":"closed","template":"elementor_canvas","meta":{"footnotes":""},"class_list":["post-2998","page","type-page","status-publish","hentry","entry"],"_links":{"self":[{"href":"https:\/\/schloss-berleburg.de\/en\/wp-json\/wp\/v2\/pages\/2998","targetHints":{"allow":["GET"]}}],"collection":[{"href":"https:\/\/schloss-berleburg.de\/en\/wp-json\/wp\/v2\/pages"}],"about":[{"href":"https:\/\/schloss-berleburg.de\/en\/wp-json\/wp\/v2\/types\/page"}],"author":[{"embeddable":true,"href":"https:\/\/schloss-berleburg.de\/en\/wp-json\/wp\/v2\/users\/1"}],"replies":[{"embeddable":true,"href":"https:\/\/schloss-berleburg.de\/en\/wp-json\/wp\/v2\/comments?post=2998"}],"version-history":[{"count":59,"href":"https:\/\/schloss-berleburg.de\/en\/wp-json\/wp\/v2\/pages\/2998\/revisions"}],"predecessor-version":[{"id":5228,"href":"https:\/\/schloss-berleburg.de\/en\/wp-json\/wp\/v2\/pages\/2998\/revisions\/5228"}],"wp:attachment":[{"href":"https:\/\/schloss-berleburg.de\/en\/wp-json\/wp\/v2\/media?parent=2998"}],"curies":[{"name":"wp","href":"https:\/\/api.w.org\/{rel}","templated":true}]}}